{"id":12785,"date":"2020-08-03T12:54:04","date_gmt":"2020-08-03T19:54:04","guid":{"rendered":"https:\/\/brainfiller.com\/?page_id=12785"},"modified":"2024-11-21T13:48:43","modified_gmt":"2024-11-21T20:48:43","slug":"continuing-education-credit","status":"publish","type":"page","link":"https:\/\/brainfiller.com\/es\/learn\/continuing-education-credit\/","title":{"rendered":"Cr\u00e9dito de educaci\u00f3n continua"},"content":{"rendered":"<div data-elementor-type=\"wp-page\" data-elementor-id=\"12785\" class=\"elementor elementor-12785\" data-elementor-post-type=\"page\">\n\t\t\t\t<div class=\"elementor-element elementor-element-1cda3d6 e-flex e-con-boxed e-con e-parent\" data-id=\"1cda3d6\" data-element_type=\"container\" data-e-type=\"container\">\n\t\t\t\t\t<div class=\"e-con-inner\">\n\t\t<div class=\"elementor-element elementor-element-1e15016 e-con-full e-flex e-con e-child\" data-id=\"1e15016\" data-element_type=\"container\" data-e-type=\"container\" data-settings=\"{&quot;background_background&quot;:&quot;classic&quot;}\">\n\t\t\t\t<div class=\"elementor-element elementor-element-1fd3ec3 elementor-widget elementor-widget-heading\" data-id=\"1fd3ec3\" data-element_type=\"widget\" data-e-type=\"widget\" data-widget_type=\"heading.default\">\n\t\t\t\t<div class=\"elementor-widget-container\">\n\t\t\t\t\t<h1 class=\"elementor-heading-title elementor-size-default\">Cr\u00e9dito de educaci\u00f3n continua<\/h1>\t\t\t\t<\/div>\n\t\t\t\t<\/div>\n\t\t\t\t<\/div>\n\t\t\t\t\t<\/div>\n\t\t\t\t<\/div>\n\t\t<div class=\"elementor-element elementor-element-f232735 e-flex e-con-boxed e-con e-parent\" data-id=\"f232735\" data-element_type=\"container\" data-e-type=\"container\">\n\t\t\t\t\t<div class=\"e-con-inner\">\n\t\t<div class=\"elementor-element elementor-element-fbacbc9 e-con-full e-flex e-con e-child\" data-id=\"fbacbc9\" data-element_type=\"container\" data-e-type=\"container\">\n\t\t\t\t<div class=\"elementor-element elementor-element-4ae6748 elementor-widget elementor-widget-image\" data-id=\"4ae6748\" data-element_type=\"widget\" data-e-type=\"widget\" data-widget_type=\"image.default\">\n\t\t\t\t<div class=\"elementor-widget-container\">\n\t\t\t\t\t\t\t\t\t\t\t\t\t\t\t<img fetchpriority=\"high\" decoding=\"async\" width=\"600\" height=\"600\" src=\"https:\/\/brainfiller.com\/wp-content\/uploads\/2024\/11\/brainfiller-professionals3.jpg\" class=\"attachment-full size-full wp-image-41092\" alt=\"\" srcset=\"https:\/\/brainfiller.com\/wp-content\/uploads\/2024\/11\/brainfiller-professionals3.jpg 600w, https:\/\/brainfiller.com\/wp-content\/uploads\/2024\/11\/brainfiller-professionals3-300x300.jpg 300w, https:\/\/brainfiller.com\/wp-content\/uploads\/2024\/11\/brainfiller-professionals3-150x150.jpg 150w, https:\/\/brainfiller.com\/wp-content\/uploads\/2024\/11\/brainfiller-professionals3-100x100.jpg 100w\" sizes=\"(max-width: 600px) 100vw, 600px\" \/>\t\t\t\t\t\t\t\t\t\t\t\t\t\t\t<\/div>\n\t\t\t\t<\/div>\n\t\t\t\t<\/div>\n\t\t<div class=\"elementor-element elementor-element-073d2f6 e-con-full e-flex e-con e-child\" data-id=\"073d2f6\" data-element_type=\"container\" data-e-type=\"container\">\n\t\t\t\t<div class=\"elementor-element elementor-element-cf20590 elementor-widget elementor-widget-heading\" data-id=\"cf20590\" data-element_type=\"widget\" data-e-type=\"widget\" data-widget_type=\"heading.default\">\n\t\t\t\t<div class=\"elementor-widget-container\">\n\t\t\t\t\t<h2 class=\"elementor-heading-title elementor-size-default\">Aprobado para profesionales<\/h2>\t\t\t\t<\/div>\n\t\t\t\t<\/div>\n\t\t\t\t<div class=\"elementor-element elementor-element-1d9817a elementor-widget elementor-widget-text-editor\" data-id=\"1d9817a\" data-element_type=\"widget\" data-e-type=\"widget\" data-widget_type=\"text-editor.default\">\n\t\t\t\t<div class=\"elementor-widget-container\">\n\t\t\t\t\t\t\t\t\t<p>Los cursos de capacitaci\u00f3n de Brainfiller est\u00e1n aprobados para la educaci\u00f3n continua de ingenier\u00eda profesional para la renovaci\u00f3n de licencias en los 50 estados de EE. UU.<\/p><p>El cr\u00e9dito por educaci\u00f3n continua ha avanzado mucho desde que Brainfiller comenz\u00f3 hace muchas d\u00e9cadas. En los primeros a\u00f1os, cualquiera pod\u00eda otorgar cr\u00e9ditos porque las juntas estatales de ingenier\u00eda no ten\u00edan requisitos para la educaci\u00f3n continua. Poco a poco, muchos estados comenzaron a desarrollar requisitos de educaci\u00f3n continua para mantener una licencia de ingenier\u00eda profesional.<\/p><p>Algunos estados comenzaron a implementar requisitos espec\u00edficos para los proveedores de educaci\u00f3n continua y varios estados exigen la aprobaci\u00f3n del proveedor de educaci\u00f3n continua. A lo largo de nuestra trayectoria de una d\u00e9cada, hemos visto los cambios y seguimos adapt\u00e1ndonos a un panorama en constante cambio.<\/p><p>\u00bfNo necesitas cr\u00e9ditos de educaci\u00f3n continua? No te preocupes. Nuestras clases son para todos los que trabajan en la industria, as\u00ed que echa un vistazo y comienza a desarrollar tu cerebro hoy mismo.<\/p><p>Es responsabilidad del licenciatario verificar que el material del curso cumpla con su alcance de pr\u00e1ctica y criterios espec\u00edficos.<\/p>\t\t\t\t\t\t\t\t<\/div>\n\t\t\t\t<\/div>\n\t\t\t\t<\/div>\n\t\t\t\t\t<\/div>\n\t\t\t\t<\/div>\n\t\t<div class=\"elementor-element elementor-element-6de67ed e-flex e-con-boxed e-con e-parent\" data-id=\"6de67ed\" data-element_type=\"container\" data-e-type=\"container\" data-settings=\"{&quot;background_background&quot;:&quot;classic&quot;}\">\n\t\t\t\t\t<div class=\"e-con-inner\">\n\t\t<div class=\"elementor-element elementor-element-356ea68 e-con-full e-flex e-con e-child\" data-id=\"356ea68\" data-element_type=\"container\" data-e-type=\"container\">\n\t\t\t\t<div class=\"elementor-element elementor-element-a4d22ff elementor-widget elementor-widget-heading\" data-id=\"a4d22ff\" data-element_type=\"widget\" data-e-type=\"widget\" data-widget_type=\"heading.default\">\n\t\t\t\t<div class=\"elementor-widget-container\">\n\t\t\t\t\t<h2 class=\"elementor-heading-title elementor-size-default\">Experto internacional<\/h2>\t\t\t\t<\/div>\n\t\t\t\t<\/div>\n\t\t\t\t<div class=\"elementor-element elementor-element-1117270 elementor-widget elementor-widget-text-editor\" data-id=\"1117270\" data-element_type=\"widget\" data-e-type=\"widget\" data-widget_type=\"text-editor.default\">\n\t\t\t\t<div class=\"elementor-widget-container\">\n\t\t\t\t\t\t\t\t\t<p>Jim es el presidente internacional del TC 78 de la Comisi\u00f3n Electrot\u00e9cnica Internacional con sede en Ginebra, Suiza, para trabajos en tensi\u00f3n. Tambi\u00e9n es vicepresidente de IEEE 1584, miembro del comit\u00e9 t\u00e9cnico de NFPA 70E y colabora activamente con muchas otras organizaciones de normalizaci\u00f3n.\u00a0<\/p><p>Contin\u00faa viajando por el mundo, generalmente volando m\u00e1s de 150.000 millas al a\u00f1o para trabajar con varias organizaciones de normalizaci\u00f3n estadounidenses e internacionales y hablar en muchas conferencias y eventos de capacitaci\u00f3n.<\/p><p>Jim y su esposa de m\u00e1s de cuatro d\u00e9cadas viven en Scottsdale, Arizona.\u00a0<\/p>\t\t\t\t\t\t\t\t<\/div>\n\t\t\t\t<\/div>\n\t\t\t\t<\/div>\n\t\t<div class=\"elementor-element elementor-element-99f18c5 e-con-full e-flex e-con e-child\" data-id=\"99f18c5\" data-element_type=\"container\" data-e-type=\"container\">\n\t\t\t\t<div class=\"elementor-element elementor-element-2c36654 elementor-widget elementor-widget-image\" data-id=\"2c36654\" data-element_type=\"widget\" data-e-type=\"widget\" data-widget_type=\"image.default\">\n\t\t\t\t<div class=\"elementor-widget-container\">\n\t\t\t\t\t\t\t\t\t\t\t\t<figure class=\"wp-caption\">\n\t\t\t\t\t\t\t\t\t\t<img decoding=\"async\" width=\"800\" height=\"533\" src=\"https:\/\/brainfiller.com\/wp-content\/uploads\/2024\/11\/brainfiller-jim-vancouver-2019.jpg\" class=\"attachment-large size-large wp-image-40624\" alt=\"\" srcset=\"https:\/\/brainfiller.com\/wp-content\/uploads\/2024\/11\/brainfiller-jim-vancouver-2019.jpg 900w, https:\/\/brainfiller.com\/wp-content\/uploads\/2024\/11\/brainfiller-jim-vancouver-2019-300x200.jpg 300w, https:\/\/brainfiller.com\/wp-content\/uploads\/2024\/11\/brainfiller-jim-vancouver-2019-768x512.jpg 768w, https:\/\/brainfiller.com\/wp-content\/uploads\/2024\/11\/brainfiller-jim-vancouver-2019-600x400.jpg 600w\" sizes=\"(max-width: 800px) 100vw, 800px\" \/>\t\t\t\t\t\t\t\t\t\t\t<figcaption class=\"widget-image-caption wp-caption-text\">Jim Phillips, hablando en Vancouver 2019.<\/figcaption>\n\t\t\t\t\t\t\t\t\t\t<\/figure>\n\t\t\t\t\t\t\t\t\t<\/div>\n\t\t\t\t<\/div>\n\t\t\t\t<\/div>\n\t\t\t\t\t<\/div>\n\t\t\t\t<\/div>\n\t\t\t\t<\/div>","protected":false},"excerpt":{"rendered":"<p>Approved for Professionals Brainfiller\u2019s training courses are approved for professional engineering continuing education for license renewal in all 50 U.S. states. Continuing Education Credit has come a long way since [&hellip;]<\/p>\n","protected":false},"author":2,"featured_media":41094,"parent":12704,"menu_order":0,"comment_status":"closed","ping_status":"closed","template":"","meta":{"_acf_changed":false,"_monsterinsights_skip_tracking":false,"_monsterinsights_sitenote_active":false,"_monsterinsights_sitenote_note":"","_monsterinsights_sitenote_category":0,"_price":"","_stock":"","_tribe_ticket_header":"","_tribe_default_ticket_provider":"","_tribe_ticket_capacity":"0","_ticket_start_date":"","_ticket_end_date":"","_tribe_ticket_show_description":"","_tribe_ticket_show_not_going":false,"_tribe_ticket_use_global_stock":"","_tribe_ticket_global_stock_level":"","_global_stock_mode":"","_global_stock_cap":"","_tribe_rsvp_for_event":"","_tribe_ticket_going_count":"","_tribe_ticket_not_going_count":"","_tribe_tickets_list":"[]","_tribe_ticket_has_attendee_info_fields":false,"footnotes":"","_tec_slr_enabled":"","_tec_slr_layout":""},"class_list":["post-12785","page","type-page","status-publish","has-post-thumbnail","hentry"],"acf":[],"yoast_head":"<!-- This site is optimized with the Yoast SEO plugin v27.4 - https:\/\/yoast.com\/product\/yoast-seo-wordpress\/ -->\n<title>Continuing Education Credit - Arc Flash &amp; Electrical Power Training | Brainfiller<\/title>\n<meta name=\"description\" content=\"Approved for Professionals Brainfiller\u2019s training courses are approved for professional engineering continuing education for license renewal in all 50\" \/>\n<meta name=\"robots\" content=\"noindex, nofollow\" \/>\n<meta property=\"og:locale\" content=\"es_MX\" \/>\n<meta property=\"og:type\" content=\"article\" \/>\n<meta property=\"og:title\" content=\"Continuing Education Credit - Arc Flash &amp; Electrical Power Training | Brainfiller\" \/>\n<meta property=\"og:description\" content=\"Approved for Professionals Brainfiller\u2019s training courses are approved for professional engineering continuing education for license renewal in all 50\" \/>\n<meta property=\"og:url\" content=\"https:\/\/brainfiller.com\/es\/learn\/continuing-education-credit\/\" \/>\n<meta property=\"og:site_name\" content=\"Arc Flash &amp; Electrical Power Training | Brainfiller\" \/>\n<meta property=\"article:publisher\" content=\"https:\/\/www.facebook.com\/pages\/Brainfiller\/121692927901400\" \/>\n<meta property=\"article:modified_time\" content=\"2024-11-21T20:48:43+00:00\" \/>\n<meta property=\"og:image\" content=\"https:\/\/brainfiller.com\/wp-content\/uploads\/2024\/11\/brainfiller-continuing-education-header.jpg\" \/>\n\t<meta property=\"og:image:width\" content=\"1600\" \/>\n\t<meta property=\"og:image:height\" content=\"500\" \/>\n\t<meta property=\"og:image:type\" content=\"image\/jpeg\" \/>\n<meta name=\"twitter:card\" content=\"summary_large_image\" \/>\n<meta name=\"twitter:site\" content=\"@brainfiller\" \/>\n<meta name=\"twitter:label1\" content=\"Tiempo de lectura\" \/>\n\t<meta name=\"twitter:data1\" content=\"2 minutos\" \/>\n<script type=\"application\/ld+json\" class=\"yoast-schema-graph\">{\"@context\":\"https:\\\/\\\/schema.org\",\"@graph\":[{\"@type\":\"WebPage\",\"@id\":\"https:\\\/\\\/brainfiller.com\\\/learn\\\/continuing-education-credit\\\/\",\"url\":\"https:\\\/\\\/brainfiller.com\\\/learn\\\/continuing-education-credit\\\/\",\"name\":\"Continuing Education Credit - Arc Flash &amp; Electrical Power Training | Brainfiller\",\"isPartOf\":{\"@id\":\"https:\\\/\\\/brainfiller.com\\\/#website\"},\"primaryImageOfPage\":{\"@id\":\"https:\\\/\\\/brainfiller.com\\\/learn\\\/continuing-education-credit\\\/#primaryimage\"},\"image\":{\"@id\":\"https:\\\/\\\/brainfiller.com\\\/learn\\\/continuing-education-credit\\\/#primaryimage\"},\"thumbnailUrl\":\"https:\\\/\\\/brainfiller.com\\\/wp-content\\\/uploads\\\/2024\\\/11\\\/brainfiller-continuing-education-header.jpg\",\"datePublished\":\"2020-08-03T19:54:04+00:00\",\"dateModified\":\"2024-11-21T20:48:43+00:00\",\"description\":\"Approved for Professionals Brainfiller\u2019s training courses are approved for professional engineering continuing education for license renewal in all 50\",\"breadcrumb\":{\"@id\":\"https:\\\/\\\/brainfiller.com\\\/learn\\\/continuing-education-credit\\\/#breadcrumb\"},\"inLanguage\":\"es\",\"potentialAction\":[{\"@type\":\"ReadAction\",\"target\":[\"https:\\\/\\\/brainfiller.com\\\/learn\\\/continuing-education-credit\\\/\"]}]},{\"@type\":\"ImageObject\",\"inLanguage\":\"es\",\"@id\":\"https:\\\/\\\/brainfiller.com\\\/learn\\\/continuing-education-credit\\\/#primaryimage\",\"url\":\"https:\\\/\\\/brainfiller.com\\\/wp-content\\\/uploads\\\/2024\\\/11\\\/brainfiller-continuing-education-header.jpg\",\"contentUrl\":\"https:\\\/\\\/brainfiller.com\\\/wp-content\\\/uploads\\\/2024\\\/11\\\/brainfiller-continuing-education-header.jpg\",\"width\":1600,\"height\":500,\"caption\":\"Brainfiller - Continuing Education Credit\"},{\"@type\":\"BreadcrumbList\",\"@id\":\"https:\\\/\\\/brainfiller.com\\\/learn\\\/continuing-education-credit\\\/#breadcrumb\",\"itemListElement\":[{\"@type\":\"ListItem\",\"position\":1,\"name\":\"Home\",\"item\":\"https:\\\/\\\/brainfiller.com\\\/\"},{\"@type\":\"ListItem\",\"position\":2,\"name\":\"On Demand Training\",\"item\":\"https:\\\/\\\/brainfiller.com\\\/learn\\\/\"},{\"@type\":\"ListItem\",\"position\":3,\"name\":\"Continuing Education Credit\"}]},{\"@type\":\"WebSite\",\"@id\":\"https:\\\/\\\/brainfiller.com\\\/#website\",\"url\":\"https:\\\/\\\/brainfiller.com\\\/\",\"name\":\"Arc Flash & Electrical Power Training | Brainfiller\",\"description\":\"Arc Flash &amp; Electrical Power Training by Jim Phillips\",\"publisher\":{\"@id\":\"https:\\\/\\\/brainfiller.com\\\/#organization\"},\"potentialAction\":[{\"@type\":\"SearchAction\",\"target\":{\"@type\":\"EntryPoint\",\"urlTemplate\":\"https:\\\/\\\/brainfiller.com\\\/?s={search_term_string}\"},\"query-input\":{\"@type\":\"PropertyValueSpecification\",\"valueRequired\":true,\"valueName\":\"search_term_string\"}}],\"inLanguage\":\"es\"},{\"@type\":\"Organization\",\"@id\":\"https:\\\/\\\/brainfiller.com\\\/#organization\",\"name\":\"Brainfiller.com\",\"url\":\"https:\\\/\\\/brainfiller.com\\\/\",\"logo\":{\"@type\":\"ImageObject\",\"inLanguage\":\"es\",\"@id\":\"https:\\\/\\\/brainfiller.com\\\/#\\\/schema\\\/logo\\\/image\\\/\",\"url\":\"https:\\\/\\\/brainfiller.com\\\/wp-content\\\/uploads\\\/2015\\\/05\\\/Brain-Logo.jpg\",\"contentUrl\":\"https:\\\/\\\/brainfiller.com\\\/wp-content\\\/uploads\\\/2015\\\/05\\\/Brain-Logo.jpg\",\"width\":128,\"height\":118,\"caption\":\"Brainfiller.com\"},\"image\":{\"@id\":\"https:\\\/\\\/brainfiller.com\\\/#\\\/schema\\\/logo\\\/image\\\/\"},\"sameAs\":[\"https:\\\/\\\/www.facebook.com\\\/pages\\\/Brainfiller\\\/121692927901400\",\"https:\\\/\\\/x.com\\\/brainfiller\",\"https:\\\/\\\/www.linkedin.com\\\/in\\\/brainfiller\",\"https:\\\/\\\/www.youtube.com\\\/user\\\/BrainfillerTV\"]}]}<\/script>\n<!-- \/ Yoast SEO plugin. -->","yoast_head_json":{"title":"Continuing Education Credit - Arc Flash &amp; Electrical Power Training | Brainfiller","description":"Approved for Professionals Brainfiller\u2019s training courses are approved for professional engineering continuing education for license renewal in all 50","robots":{"index":"noindex","follow":"nofollow"},"og_locale":"es_MX","og_type":"article","og_title":"Continuing Education Credit - Arc Flash &amp; Electrical Power Training | Brainfiller","og_description":"Approved for Professionals Brainfiller\u2019s training courses are approved for professional engineering continuing education for license renewal in all 50","og_url":"https:\/\/brainfiller.com\/es\/learn\/continuing-education-credit\/","og_site_name":"Arc Flash &amp; Electrical Power Training | Brainfiller","article_publisher":"https:\/\/www.facebook.com\/pages\/Brainfiller\/121692927901400","article_modified_time":"2024-11-21T20:48:43+00:00","og_image":[{"width":1600,"height":500,"url":"https:\/\/brainfiller.com\/wp-content\/uploads\/2024\/11\/brainfiller-continuing-education-header.jpg","type":"image\/jpeg"}],"twitter_card":"summary_large_image","twitter_site":"@brainfiller","twitter_misc":{"Tiempo de lectura":"2 minutos"},"schema":{"@context":"https:\/\/schema.org","@graph":[{"@type":"WebPage","@id":"https:\/\/brainfiller.com\/learn\/continuing-education-credit\/","url":"https:\/\/brainfiller.com\/learn\/continuing-education-credit\/","name":"Continuing Education Credit - Arc Flash &amp; Electrical Power Training | Brainfiller","isPartOf":{"@id":"https:\/\/brainfiller.com\/#website"},"primaryImageOfPage":{"@id":"https:\/\/brainfiller.com\/learn\/continuing-education-credit\/#primaryimage"},"image":{"@id":"https:\/\/brainfiller.com\/learn\/continuing-education-credit\/#primaryimage"},"thumbnailUrl":"https:\/\/brainfiller.com\/wp-content\/uploads\/2024\/11\/brainfiller-continuing-education-header.jpg","datePublished":"2020-08-03T19:54:04+00:00","dateModified":"2024-11-21T20:48:43+00:00","description":"Approved for Professionals Brainfiller\u2019s training courses are approved for professional engineering continuing education for license renewal in all 50","breadcrumb":{"@id":"https:\/\/brainfiller.com\/learn\/continuing-education-credit\/#breadcrumb"},"inLanguage":"es","potentialAction":[{"@type":"ReadAction","target":["https:\/\/brainfiller.com\/learn\/continuing-education-credit\/"]}]},{"@type":"ImageObject","inLanguage":"es","@id":"https:\/\/brainfiller.com\/learn\/continuing-education-credit\/#primaryimage","url":"https:\/\/brainfiller.com\/wp-content\/uploads\/2024\/11\/brainfiller-continuing-education-header.jpg","contentUrl":"https:\/\/brainfiller.com\/wp-content\/uploads\/2024\/11\/brainfiller-continuing-education-header.jpg","width":1600,"height":500,"caption":"Brainfiller - Continuing Education Credit"},{"@type":"BreadcrumbList","@id":"https:\/\/brainfiller.com\/learn\/continuing-education-credit\/#breadcrumb","itemListElement":[{"@type":"ListItem","position":1,"name":"Home","item":"https:\/\/brainfiller.com\/"},{"@type":"ListItem","position":2,"name":"On Demand Training","item":"https:\/\/brainfiller.com\/learn\/"},{"@type":"ListItem","position":3,"name":"Continuing Education Credit"}]},{"@type":"WebSite","@id":"https:\/\/brainfiller.com\/#website","url":"https:\/\/brainfiller.com\/","name":"Arc Flash & Electrical Power Training | Brainfiller","description":"Arc Flash &amp; Electrical Power Training by Jim Phillips","publisher":{"@id":"https:\/\/brainfiller.com\/#organization"},"potentialAction":[{"@type":"SearchAction","target":{"@type":"EntryPoint","urlTemplate":"https:\/\/brainfiller.com\/?s={search_term_string}"},"query-input":{"@type":"PropertyValueSpecification","valueRequired":true,"valueName":"search_term_string"}}],"inLanguage":"es"},{"@type":"Organization","@id":"https:\/\/brainfiller.com\/#organization","name":"Rellenador de cerebros.com","url":"https:\/\/brainfiller.com\/","logo":{"@type":"ImageObject","inLanguage":"es","@id":"https:\/\/brainfiller.com\/#\/schema\/logo\/image\/","url":"https:\/\/brainfiller.com\/wp-content\/uploads\/2015\/05\/Brain-Logo.jpg","contentUrl":"https:\/\/brainfiller.com\/wp-content\/uploads\/2015\/05\/Brain-Logo.jpg","width":128,"height":118,"caption":"Brainfiller.com"},"image":{"@id":"https:\/\/brainfiller.com\/#\/schema\/logo\/image\/"},"sameAs":["https:\/\/www.facebook.com\/pages\/Brainfiller\/121692927901400","https:\/\/x.com\/brainfiller","https:\/\/www.linkedin.com\/in\/brainfiller","https:\/\/www.youtube.com\/user\/BrainfillerTV"]}]}},"ticketed":false,"_links":{"self":[{"href":"https:\/\/brainfiller.com\/es\/wp-json\/wp\/v2\/pages\/12785","targetHints":{"allow":["GET"]}}],"collection":[{"href":"https:\/\/brainfiller.com\/es\/wp-json\/wp\/v2\/pages"}],"about":[{"href":"https:\/\/brainfiller.com\/es\/wp-json\/wp\/v2\/types\/page"}],"author":[{"embeddable":true,"href":"https:\/\/brainfiller.com\/es\/wp-json\/wp\/v2\/users\/2"}],"replies":[{"embeddable":true,"href":"https:\/\/brainfiller.com\/es\/wp-json\/wp\/v2\/comments?post=12785"}],"version-history":[{"count":0,"href":"https:\/\/brainfiller.com\/es\/wp-json\/wp\/v2\/pages\/12785\/revisions"}],"up":[{"embeddable":true,"href":"https:\/\/brainfiller.com\/es\/wp-json\/wp\/v2\/pages\/12704"}],"wp:featuredmedia":[{"embeddable":true,"href":"https:\/\/brainfiller.com\/es\/wp-json\/wp\/v2\/media\/41094"}],"wp:attachment":[{"href":"https:\/\/brainfiller.com\/es\/wp-json\/wp\/v2\/media?parent=12785"}],"curies":[{"name":"wp","href":"https:\/\/api.w.org\/{rel}","templated":true}]}}