{"id":12813,"date":"2020-08-03T14:48:44","date_gmt":"2020-08-03T21:48:44","guid":{"rendered":"https:\/\/brainfiller.com\/login-customizer\/"},"modified":"2023-03-28T13:57:54","modified_gmt":"2023-03-28T20:57:54","slug":"login-customizer","status":"publish","type":"page","link":"https:\/\/brainfiller.com\/es\/login-customizer\/","title":{"rendered":"Personalizador de inicio de sesi\u00f3n"},"content":{"rendered":"<p>Esta p\u00e1gina se utiliza para el complemento Personalizador de inicio de sesi\u00f3n. No ser\u00e1 visible para sus lectores. No la elimine.<\/p>","protected":false},"excerpt":{"rendered":"<p>Esta p\u00e1gina se utiliza para el complemento Personalizador de inicio de sesi\u00f3n. No ser\u00e1 visible para sus lectores. No la elimine.<\/p>","protected":false},"author":1,"featured_media":0,"parent":0,"menu_order":0,"comment_status":"closed","ping_status":"closed","template":"template-login-customizer.php","meta":{"_acf_changed":false,"_monsterinsights_skip_tracking":false,"_monsterinsights_sitenote_active":false,"_monsterinsights_sitenote_note":"","_monsterinsights_sitenote_category":0,"_price":"","_stock":"","_tribe_ticket_header":"","_tribe_default_ticket_provider":"Tribe__Tickets_Plus__Commerce__WooCommerce__Main","_tribe_ticket_capacity":"0","_ticket_start_date":"","_ticket_end_date":"","_tribe_ticket_show_description":"","_tribe_ticket_show_not_going":false,"_tribe_ticket_use_global_stock":"","_tribe_ticket_global_stock_level":"","_global_stock_mode":"","_global_stock_cap":"","_tribe_rsvp_for_event":"","_tribe_ticket_going_count":"","_tribe_ticket_not_going_count":"","_tribe_tickets_list":"[]","_tribe_ticket_has_attendee_info_fields":false,"footnotes":"","_tec_slr_enabled":"","_tec_slr_layout":""},"class_list":["post-12813","page","type-page","status-publish","hentry"],"acf":[],"yoast_head":"<!-- This site is optimized with the Yoast SEO plugin v27.4 - https:\/\/yoast.com\/product\/yoast-seo-wordpress\/ -->\n<title>Login Customizer - Arc Flash &amp; Electrical Power Training | Brainfiller<\/title>\n<meta name=\"description\" content=\"This page is used for Login Customizer plugin. It will not be visible to your readers. Do not delete it.\" \/>\n<meta name=\"robots\" content=\"noindex, follow\" \/>\n<meta property=\"og:locale\" content=\"es_MX\" \/>\n<meta property=\"og:type\" content=\"article\" \/>\n<meta property=\"og:title\" content=\"Login Customizer - Arc Flash &amp; Electrical Power Training | Brainfiller\" \/>\n<meta property=\"og:description\" content=\"This page is used for Login Customizer plugin. It will not be visible to your readers. Do not delete it.\" \/>\n<meta property=\"og:url\" content=\"https:\/\/brainfiller.com\/es\/login-customizer\/\" \/>\n<meta property=\"og:site_name\" content=\"Arc Flash &amp; Electrical Power Training | Brainfiller\" \/>\n<meta property=\"article:publisher\" content=\"https:\/\/www.facebook.com\/pages\/Brainfiller\/121692927901400\" \/>\n<meta property=\"article:modified_time\" content=\"2023-03-28T20:57:54+00:00\" \/>\n<meta property=\"og:image\" content=\"https:\/\/brainfiller.com\/wp-content\/uploads\/2024\/11\/cropped-brainfiller-icon-512x512-1.png\" \/>\n\t<meta property=\"og:image:width\" content=\"512\" \/>\n\t<meta property=\"og:image:height\" content=\"512\" \/>\n\t<meta property=\"og:image:type\" content=\"image\/png\" \/>\n<meta name=\"twitter:card\" content=\"summary_large_image\" \/>\n<meta name=\"twitter:site\" content=\"@brainfiller\" \/>\n<meta name=\"twitter:label1\" content=\"Tiempo de lectura\" \/>\n\t<meta name=\"twitter:data1\" content=\"1 minuto\" \/>\n<script type=\"application\/ld+json\" class=\"yoast-schema-graph\">{\"@context\":\"https:\\\/\\\/schema.org\",\"@graph\":[{\"@type\":\"WebPage\",\"@id\":\"https:\\\/\\\/brainfiller.com\\\/login-customizer\\\/\",\"url\":\"https:\\\/\\\/brainfiller.com\\\/login-customizer\\\/\",\"name\":\"Login Customizer - Arc Flash &amp; Electrical Power Training | Brainfiller\",\"isPartOf\":{\"@id\":\"https:\\\/\\\/brainfiller.com\\\/#website\"},\"datePublished\":\"2020-08-03T21:48:44+00:00\",\"dateModified\":\"2023-03-28T20:57:54+00:00\",\"description\":\"This page is used for Login Customizer plugin. It will not be visible to your readers. Do not delete it.\",\"breadcrumb\":{\"@id\":\"https:\\\/\\\/brainfiller.com\\\/login-customizer\\\/#breadcrumb\"},\"inLanguage\":\"es\",\"potentialAction\":[{\"@type\":\"ReadAction\",\"target\":[\"https:\\\/\\\/brainfiller.com\\\/login-customizer\\\/\"]}]},{\"@type\":\"BreadcrumbList\",\"@id\":\"https:\\\/\\\/brainfiller.com\\\/login-customizer\\\/#breadcrumb\",\"itemListElement\":[{\"@type\":\"ListItem\",\"position\":1,\"name\":\"Home\",\"item\":\"https:\\\/\\\/brainfiller.com\\\/\"},{\"@type\":\"ListItem\",\"position\":2,\"name\":\"Login Customizer\"}]},{\"@type\":\"WebSite\",\"@id\":\"https:\\\/\\\/brainfiller.com\\\/#website\",\"url\":\"https:\\\/\\\/brainfiller.com\\\/\",\"name\":\"Arc Flash & Electrical Power Training | Brainfiller\",\"description\":\"Arc Flash &amp; Electrical Power Training by Jim Phillips\",\"publisher\":{\"@id\":\"https:\\\/\\\/brainfiller.com\\\/#organization\"},\"potentialAction\":[{\"@type\":\"SearchAction\",\"target\":{\"@type\":\"EntryPoint\",\"urlTemplate\":\"https:\\\/\\\/brainfiller.com\\\/?s={search_term_string}\"},\"query-input\":{\"@type\":\"PropertyValueSpecification\",\"valueRequired\":true,\"valueName\":\"search_term_string\"}}],\"inLanguage\":\"es\"},{\"@type\":\"Organization\",\"@id\":\"https:\\\/\\\/brainfiller.com\\\/#organization\",\"name\":\"Brainfiller.com\",\"url\":\"https:\\\/\\\/brainfiller.com\\\/\",\"logo\":{\"@type\":\"ImageObject\",\"inLanguage\":\"es\",\"@id\":\"https:\\\/\\\/brainfiller.com\\\/#\\\/schema\\\/logo\\\/image\\\/\",\"url\":\"https:\\\/\\\/brainfiller.com\\\/wp-content\\\/uploads\\\/2015\\\/05\\\/Brain-Logo.jpg\",\"contentUrl\":\"https:\\\/\\\/brainfiller.com\\\/wp-content\\\/uploads\\\/2015\\\/05\\\/Brain-Logo.jpg\",\"width\":128,\"height\":118,\"caption\":\"Brainfiller.com\"},\"image\":{\"@id\":\"https:\\\/\\\/brainfiller.com\\\/#\\\/schema\\\/logo\\\/image\\\/\"},\"sameAs\":[\"https:\\\/\\\/www.facebook.com\\\/pages\\\/Brainfiller\\\/121692927901400\",\"https:\\\/\\\/x.com\\\/brainfiller\",\"https:\\\/\\\/www.linkedin.com\\\/in\\\/brainfiller\",\"https:\\\/\\\/www.youtube.com\\\/user\\\/BrainfillerTV\"]}]}<\/script>\n<!-- \/ Yoast SEO plugin. -->","yoast_head_json":{"title":"Login Customizer - Arc Flash &amp; Electrical Power Training | Brainfiller","description":"Esta p\u00e1gina se utiliza para el complemento Personalizador de inicio de sesi\u00f3n. No ser\u00e1 visible para sus lectores. No la elimine.","robots":{"index":"noindex","follow":"follow"},"og_locale":"es_MX","og_type":"article","og_title":"Login Customizer - Arc Flash &amp; Electrical Power Training | Brainfiller","og_description":"This page is used for Login Customizer plugin. It will not be visible to your readers. Do not delete it.","og_url":"https:\/\/brainfiller.com\/es\/login-customizer\/","og_site_name":"Arc Flash &amp; Electrical Power Training | Brainfiller","article_publisher":"https:\/\/www.facebook.com\/pages\/Brainfiller\/121692927901400","article_modified_time":"2023-03-28T20:57:54+00:00","og_image":[{"width":512,"height":512,"url":"https:\/\/brainfiller.com\/wp-content\/uploads\/2024\/11\/cropped-brainfiller-icon-512x512-1.png","type":"image\/png"}],"twitter_card":"summary_large_image","twitter_site":"@brainfiller","twitter_misc":{"Tiempo de lectura":"1 minuto"},"schema":{"@context":"https:\/\/schema.org","@graph":[{"@type":"WebPage","@id":"https:\/\/brainfiller.com\/login-customizer\/","url":"https:\/\/brainfiller.com\/login-customizer\/","name":"Login Customizer - Arc Flash &amp; Electrical Power Training | Brainfiller","isPartOf":{"@id":"https:\/\/brainfiller.com\/#website"},"datePublished":"2020-08-03T21:48:44+00:00","dateModified":"2023-03-28T20:57:54+00:00","description":"Esta p\u00e1gina se utiliza para el complemento Personalizador de inicio de sesi\u00f3n. No ser\u00e1 visible para sus lectores. No la elimine.","breadcrumb":{"@id":"https:\/\/brainfiller.com\/login-customizer\/#breadcrumb"},"inLanguage":"es","potentialAction":[{"@type":"ReadAction","target":["https:\/\/brainfiller.com\/login-customizer\/"]}]},{"@type":"BreadcrumbList","@id":"https:\/\/brainfiller.com\/login-customizer\/#breadcrumb","itemListElement":[{"@type":"ListItem","position":1,"name":"Home","item":"https:\/\/brainfiller.com\/"},{"@type":"ListItem","position":2,"name":"Login Customizer"}]},{"@type":"WebSite","@id":"https:\/\/brainfiller.com\/#website","url":"https:\/\/brainfiller.com\/","name":"Arc Flash & Electrical Power Training | Brainfiller","description":"Arc Flash &amp; Electrical Power Training by Jim Phillips","publisher":{"@id":"https:\/\/brainfiller.com\/#organization"},"potentialAction":[{"@type":"SearchAction","target":{"@type":"EntryPoint","urlTemplate":"https:\/\/brainfiller.com\/?s={search_term_string}"},"query-input":{"@type":"PropertyValueSpecification","valueRequired":true,"valueName":"search_term_string"}}],"inLanguage":"es"},{"@type":"Organization","@id":"https:\/\/brainfiller.com\/#organization","name":"Rellenador de cerebros.com","url":"https:\/\/brainfiller.com\/","logo":{"@type":"ImageObject","inLanguage":"es","@id":"https:\/\/brainfiller.com\/#\/schema\/logo\/image\/","url":"https:\/\/brainfiller.com\/wp-content\/uploads\/2015\/05\/Brain-Logo.jpg","contentUrl":"https:\/\/brainfiller.com\/wp-content\/uploads\/2015\/05\/Brain-Logo.jpg","width":128,"height":118,"caption":"Brainfiller.com"},"image":{"@id":"https:\/\/brainfiller.com\/#\/schema\/logo\/image\/"},"sameAs":["https:\/\/www.facebook.com\/pages\/Brainfiller\/121692927901400","https:\/\/x.com\/brainfiller","https:\/\/www.linkedin.com\/in\/brainfiller","https:\/\/www.youtube.com\/user\/BrainfillerTV"]}]}},"ticketed":false,"_links":{"self":[{"href":"https:\/\/brainfiller.com\/es\/wp-json\/wp\/v2\/pages\/12813","targetHints":{"allow":["GET"]}}],"collection":[{"href":"https:\/\/brainfiller.com\/es\/wp-json\/wp\/v2\/pages"}],"about":[{"href":"https:\/\/brainfiller.com\/es\/wp-json\/wp\/v2\/types\/page"}],"author":[{"embeddable":true,"href":"https:\/\/brainfiller.com\/es\/wp-json\/wp\/v2\/users\/1"}],"replies":[{"embeddable":true,"href":"https:\/\/brainfiller.com\/es\/wp-json\/wp\/v2\/comments?post=12813"}],"version-history":[{"count":0,"href":"https:\/\/brainfiller.com\/es\/wp-json\/wp\/v2\/pages\/12813\/revisions"}],"wp:attachment":[{"href":"https:\/\/brainfiller.com\/es\/wp-json\/wp\/v2\/media?parent=12813"}],"curies":[{"name":"wp","href":"https:\/\/api.w.org\/{rel}","templated":true}]}}