{"id":42891,"date":"2025-01-03T09:56:55","date_gmt":"2025-01-03T16:56:55","guid":{"rendered":"https:\/\/brainfiller.com\/?page_id=42891"},"modified":"2025-01-03T09:58:46","modified_gmt":"2025-01-03T16:58:46","slug":"sitemap","status":"publish","type":"page","link":"https:\/\/brainfiller.com\/es\/sitemap\/","title":{"rendered":"Mapa del sitio"},"content":{"rendered":"<div data-elementor-type=\"wp-page\" data-elementor-id=\"42891\" class=\"elementor elementor-42891\" data-elementor-post-type=\"page\">\n\t\t\t\t\t\t<section class=\"elementor-section elementor-top-section elementor-element elementor-element-05ddbbd elementor-section-boxed elementor-section-height-default elementor-section-height-default\" data-id=\"05ddbbd\" data-element_type=\"section\" data-e-type=\"section\">\n\t\t\t\t\t\t<div class=\"elementor-container elementor-column-gap-default\">\n\t\t\t\t\t<div class=\"elementor-column elementor-col-100 elementor-top-column elementor-element elementor-element-4dc4767\" data-id=\"4dc4767\" data-element_type=\"column\" data-e-type=\"column\">\n\t\t\t<div class=\"elementor-widget-wrap elementor-element-populated\">\n\t\t\t\t\t\t<div class=\"elementor-element elementor-element-3ed3a28 elementor-widget elementor-widget-heading\" data-id=\"3ed3a28\" data-element_type=\"widget\" data-e-type=\"widget\" data-widget_type=\"heading.default\">\n\t\t\t\t<div class=\"elementor-widget-container\">\n\t\t\t\t\t<h1 class=\"elementor-heading-title elementor-size-default\">Mapa del sitio<\/h1>\t\t\t\t<\/div>\n\t\t\t\t<\/div>\n\t\t\t\t\t<\/div>\n\t\t<\/div>\n\t\t\t\t\t<\/div>\n\t\t<\/section>\n\t\t\t\t<section class=\"elementor-section elementor-top-section elementor-element elementor-element-64366f73 elementor-section-boxed elementor-section-height-default elementor-section-height-default\" data-id=\"64366f73\" data-element_type=\"section\" data-e-type=\"section\">\n\t\t\t\t\t\t<div class=\"elementor-container elementor-column-gap-default\">\n\t\t\t\t\t<div class=\"elementor-column elementor-col-100 elementor-top-column elementor-element elementor-element-7dfc03db\" data-id=\"7dfc03db\" data-element_type=\"column\" data-e-type=\"column\">\n\t\t\t<div class=\"elementor-widget-wrap elementor-element-populated\">\n\t\t\t\t\t\t<div class=\"elementor-element elementor-element-717e2cf elementor-widget elementor-widget-shortcode\" data-id=\"717e2cf\" data-element_type=\"widget\" data-e-type=\"widget\" data-widget_type=\"shortcode.default\">\n\t\t\t\t<div class=\"elementor-widget-container\">\n\t\t\t\t\t\t\t<div class=\"elementor-shortcode\"><div id=\"simple-sitemap-container-69fa23220c872\" class=\"simple-sitemap-container simple-sitemap-container-69fa23220c872 tab-disabled\"><div class=\"simple-sitemap-wrap\"><h3 class=\"post-type\">P\u00e1ginas<\/h3><ul class=\"simple-sitemap-page main\"><li class=\"sitemap-item page_item page-item-23\"><a href=\"https:\/\/brainfiller.com\/es\/about-jim-phillips\/\">Acerca de Jim Phillips<\/a><\/li>\n<li class=\"sitemap-item page_item page-item-20051\"><a href=\"https:\/\/brainfiller.com\/es\/affiliate-area\/\">\u00c1rea de afiliados<\/a><\/li>\n<li class=\"sitemap-item page_item page-item-29615\"><a href=\"https:\/\/brainfiller.com\/es\/affilliate-coming-soon\/\">Pr\u00f3ximamente afiliado<\/a><\/li>\n<li class=\"sitemap-item page_item page-item-45816\"><a href=\"https:\/\/brainfiller.com\/es\/affiliate-login\/\">Affiliate Login<\/a><\/li>\n<li class=\"sitemap-item page_item page-item-35640\"><a href=\"https:\/\/brainfiller.com\/es\/affiliate\/\">Afiliado principal<\/a><\/li>\n<li class=\"sitemap-item page_item page-item-22810\"><a href=\"https:\/\/brainfiller.com\/es\/affiliate-terms-and-conditions\/\">T\u00e9rminos y condiciones de afiliaci\u00f3n<\/a><\/li>\n<li class=\"sitemap-item page_item page-item-26538\"><a href=\"https:\/\/brainfiller.com\/es\/\">Capacitaci\u00f3n sobre arco el\u00e9ctrico y electricidad | Brainfiller<\/a><\/li>\n<li class=\"sitemap-item page_item page-item-40595\"><a href=\"https:\/\/brainfiller.com\/es\/awards-and-recognition\/\">Premios y reconocimientos<\/a><\/li>\n<li class=\"sitemap-item page_item page-item-40635\"><a href=\"https:\/\/brainfiller.com\/es\/brainfiller-news\/\">Noticias de Brainfiller<\/a><\/li>\n<li class=\"sitemap-item page_item page-item-27851\"><a href=\"https:\/\/brainfiller.com\/es\/brainfiller-videos\/\">V\u00eddeos para llenar el cerebro<\/a><\/li>\n<li class=\"sitemap-item page_item page-item-43\"><a href=\"https:\/\/brainfiller.com\/es\/cart\/\">Carro<\/a><\/li>\n<li class=\"sitemap-item page_item page-item-22852\"><a href=\"https:\/\/brainfiller.com\/es\/checkout-2\/\">Verificar<\/a><\/li>\n<li class=\"sitemap-item page_item page-item-561\"><a href=\"https:\/\/brainfiller.com\/es\/codes-and-standards\/\">C\u00f3digos y normas<\/a><\/li>\n<li class=\"sitemap-item page_item page-item-17959\"><a href=\"https:\/\/brainfiller.com\/es\/communication-preferences\/\">Preferencias de comunicaci\u00f3n<\/a><\/li>\n<li class=\"sitemap-item page_item page-item-42043\"><a href=\"https:\/\/brainfiller.com\/es\/contact-brainfiller\/\">Contacta con Brainfiller<\/a><\/li>\n<li class=\"sitemap-item page_item page-item-16998\"><a href=\"https:\/\/brainfiller.com\/es\/course-catalog\/\">Cat\u00e1logo de cursos<\/a><\/li>\n<li class=\"sitemap-item page_item page-item-587\"><a href=\"https:\/\/brainfiller.com\/es\/papers-and-articles\/\">Energ\u00eda el\u00e9ctrica | Arco el\u00e9ctrico | Seguridad el\u00e9ctrica<\/a><\/li>\n<li class=\"sitemap-item page_item page-item-4953\"><a href=\"https:\/\/brainfiller.com\/es\/electrical-safety\/\">Seguridad el\u00e9ctrica<\/a><\/li>\n<li class=\"sitemap-item page_item page-item-47781\"><a href=\"https:\/\/brainfiller.com\/es\/encyclopedia\/\">Encyclopedia<\/a><\/li>\n<li class=\"sitemap-item page_item page-item-25\"><a href=\"https:\/\/brainfiller.com\/es\/expert-witness\/\">Testigo experto | Ciencias forenses | Jim Phillips, PE<\/a><\/li>\n<li class=\"sitemap-item page_item page-item-4463\"><a href=\"https:\/\/brainfiller.com\/es\/global-affiliate-electrical-safety-ltd-uk\/\">Afiliado global - Seguridad el\u00e9ctrica en el Reino Unido<\/a><\/li>\n<li class=\"sitemap-item page_item page-item-21607\"><a href=\"https:\/\/brainfiller.com\/es\/assignment-management-page\/\">Informe de trabajo en grupo<\/a><\/li>\n<li class=\"sitemap-item page_item page-item-21605\"><a href=\"https:\/\/brainfiller.com\/es\/group-management-report\/\">Informe del curso grupal<\/a><\/li>\n<li class=\"sitemap-item page_item page-item-41028\"><a href=\"https:\/\/brainfiller.com\/es\/group-discount-inquiry\/\">Consulta de descuento para grupos<\/a><\/li>\n<li class=\"sitemap-item page_item page-item-21608\"><a href=\"https:\/\/brainfiller.com\/es\/essay-management-page\/\">Informe de ensayo grupal<\/a><\/li>\n<li class=\"sitemap-item page_item page-item-21604\"><a href=\"https:\/\/brainfiller.com\/es\/group-management\/\">Gesti\u00f3n de grupos<\/a><\/li>\n<li class=\"sitemap-item page_item page-item-21610\"><a href=\"https:\/\/brainfiller.com\/es\/group-management-buy-courses\/\">Gesti\u00f3n de grupos Comprar cursos<\/a><\/li>\n<li class=\"sitemap-item page_item page-item-21609\"><a href=\"https:\/\/brainfiller.com\/es\/group-progress-report\/\">Informe de progreso del grupo<\/a><\/li>\n<li class=\"sitemap-item page_item page-item-21606\"><a href=\"https:\/\/brainfiller.com\/es\/group-quiz-report\/\">Informe de la prueba grupal<\/a><\/li>\n<li class=\"sitemap-item page_item page-item-36797\"><a href=\"https:\/\/brainfiller.com\/es\/groups\/\">Grupos<\/a><\/li>\n<li class=\"sitemap-item page_item page-item-20027\"><a href=\"https:\/\/brainfiller.com\/es\/groups-dashboard\/\">Panel de control de grupos<\/a><\/li>\n<li class=\"sitemap-item page_item page-item-22795\"><a href=\"https:\/\/brainfiller.com\/es\/iaei-archives\/\">Archivos del IAEI<\/a><\/li>\n<li class=\"sitemap-item page_item page-item-47793\"><a href=\"https:\/\/brainfiller.com\/es\/knowledge-base\/\">Knowledge Base<\/a><\/li>\n<li class=\"sitemap-item page_item page-item-23549\"><a href=\"https:\/\/brainfiller.com\/es\/login\/\">Acceso<\/a><\/li>\n<li class=\"sitemap-item page_item page-item-12813\"><a href=\"https:\/\/brainfiller.com\/es\/login-customizer\/\">Personalizador de inicio de sesi\u00f3n<\/a><\/li>\n<li class=\"sitemap-item page_item page-item-42974\"><a href=\"https:\/\/brainfiller.com\/es\/maintenance\/\">Mantenimiento<\/a><\/li>\n<li class=\"sitemap-item page_item page-item-45\"><a href=\"https:\/\/brainfiller.com\/es\/my-account\/\">Mi cuenta<\/a><\/li>\n<li class=\"sitemap-item page_item page-item-22837\"><a href=\"https:\/\/brainfiller.com\/es\/my-courses\/\">Mis cursos<\/a><\/li>\n<li class=\"sitemap-item page_item page-item-36353\"><a href=\"https:\/\/brainfiller.com\/es\/nfpa70e-resources\/\">Recursos de la norma NFPA 70E<\/a><\/li>\n<li class=\"sitemap-item page_item page-item-12704 page_item_has_children\"><a href=\"https:\/\/brainfiller.com\/es\/learn\/\">Capacitaci\u00f3n a pedido<\/a>\n<ul class='children'>\n\t<li class=\"sitemap-item page_item page-item-12778\"><a href=\"https:\/\/brainfiller.com\/es\/learn\/all-courses\/\">Todos los cursos<\/a><\/li>\n\t<li class=\"sitemap-item page_item page-item-12785\"><a href=\"https:\/\/brainfiller.com\/es\/learn\/continuing-education-credit\/\">Cr\u00e9dito de educaci\u00f3n continua<\/a><\/li>\n\t<li class=\"sitemap-item page_item page-item-12772\"><a href=\"https:\/\/brainfiller.com\/es\/learn\/free-courses\/\">Cursos gratuitos<\/a><\/li>\n\t<li class=\"sitemap-item page_item page-item-12794\"><a href=\"https:\/\/brainfiller.com\/es\/learn\/help\/\">Ayuda<\/a><\/li>\n\t<li class=\"sitemap-item page_item page-item-12731\"><a href=\"https:\/\/brainfiller.com\/es\/learn\/login\/\">Acceso<\/a><\/li>\n\t<li class=\"sitemap-item page_item page-item-12726\"><a href=\"https:\/\/brainfiller.com\/es\/learn\/my-courses\/\">Mis cursos<\/a><\/li>\n<\/ul>\n<\/li>\n<li class=\"sitemap-item page_item page-item-4 page_item_has_children\"><a href=\"https:\/\/brainfiller.com\/es\/on-site-training\/\">Capacitaci\u00f3n en el sitio<\/a>\n<ul class='children'>\n\t<li class=\"sitemap-item page_item page-item-610\"><a href=\"https:\/\/brainfiller.com\/es\/on-site-training\/conference-speaker\/\">Jim Phillips \u2013 Orador de la conferencia<\/a><\/li>\n<\/ul>\n<\/li>\n<li class=\"sitemap-item page_item page-item-28851\"><a href=\"https:\/\/brainfiller.com\/es\/tickets-order\/\">Pedido completado<\/a><\/li>\n<li class=\"sitemap-item page_item page-item-20472\"><a href=\"https:\/\/brainfiller.com\/es\/payment-confirmation\/\">Confirmaci\u00f3n de pago<\/a><\/li>\n<li class=\"sitemap-item page_item page-item-20473\"><a href=\"https:\/\/brainfiller.com\/es\/payment-failed\/\">Pago fallido<\/a><\/li>\n<li class=\"sitemap-item page_item page-item-6021\"><a href=\"https:\/\/brainfiller.com\/es\/privacy-policy\/\">pol\u00edtica de privacidad<\/a><\/li>\n<li class=\"sitemap-item page_item page-item-17\"><a href=\"https:\/\/brainfiller.com\/es\/products\/\">Productos<\/a><\/li>\n<li class=\"sitemap-item page_item page-item-20077\"><a href=\"https:\/\/brainfiller.com\/es\/quiz-reports\/\">Informes de cuestionarios<\/a><\/li>\n<li class=\"sitemap-item page_item page-item-612\"><a href=\"https:\/\/brainfiller.com\/es\/request-a-proposal\/\">Solicitar una propuesta<\/a><\/li>\n<li class=\"sitemap-item page_item page-item-15988\"><a href=\"https:\/\/brainfiller.com\/es\/scheduled-classes\/\">Clases programadas<\/a><\/li>\n<li class=\"sitemap-item page_item page-item-11\"><a href=\"https:\/\/brainfiller.com\/es\/scheduled-events\/\">Eventos programados<\/a><\/li>\n<li class=\"sitemap-item page_item page-item-42891\"><a href=\"https:\/\/brainfiller.com\/es\/sitemap\/\">Mapa del sitio<\/a><\/li>\n<li class=\"sitemap-item page_item page-item-29\"><a href=\"https:\/\/brainfiller.com\/es\/ieee-iec-standards-development\/\">Desarrollo de normas<\/a><\/li>\n<li class=\"sitemap-item page_item page-item-22801\"><a href=\"https:\/\/brainfiller.com\/es\/technical-articles\/\">Art\u00edculos t\u00e9cnicos<\/a><\/li>\n<li class=\"sitemap-item page_item page-item-28850\"><a href=\"https:\/\/brainfiller.com\/es\/tickets-checkout\/\">Retirada de entradas<\/a><\/li>\n<\/ul><\/div><\/div><br style=\"clear: both;\"><\/div>\n\t\t\t\t\t\t<\/div>\n\t\t\t\t<\/div>\n\t\t\t\t\t<\/div>\n\t\t<\/div>\n\t\t\t\t\t<\/div>\n\t\t<\/section>\n\t\t\t\t<\/div>","protected":false},"excerpt":{"rendered":"<p>Mapa del sitio<\/p>","protected":false},"author":7818,"featured_media":0,"parent":0,"menu_order":0,"comment_status":"closed","ping_status":"closed","template":"","meta":{"_acf_changed":false,"_monsterinsights_skip_tracking":false,"_monsterinsights_sitenote_active":false,"_monsterinsights_sitenote_note":"","_monsterinsights_sitenote_category":0,"_price":"","_stock":"","_tribe_ticket_header":"","_tribe_default_ticket_provider":"Tribe__Tickets_Plus__Commerce__WooCommerce__Main","_tribe_ticket_capacity":"0","_ticket_start_date":"","_ticket_end_date":"","_tribe_ticket_show_description":"","_tribe_ticket_show_not_going":false,"_tribe_ticket_use_global_stock":"","_tribe_ticket_global_stock_level":"","_global_stock_mode":"","_global_stock_cap":"","_tribe_rsvp_for_event":"","_tribe_ticket_going_count":"","_tribe_ticket_not_going_count":"","_tribe_tickets_list":"[]","_tribe_ticket_has_attendee_info_fields":false,"footnotes":"","_tec_slr_enabled":"","_tec_slr_layout":""},"class_list":["post-42891","page","type-page","status-publish","hentry"],"acf":[],"yoast_head":"<!-- This site is optimized with the Yoast SEO plugin v27.4 - https:\/\/yoast.com\/product\/yoast-seo-wordpress\/ -->\n<title>Sitemap - Arc Flash &amp; Electrical Power Training | Brainfiller<\/title>\n<meta name=\"description\" content=\"Sitemap\" \/>\n<meta name=\"robots\" content=\"index, follow, max-snippet:-1, max-image-preview:large, max-video-preview:-1\" \/>\n<link rel=\"canonical\" href=\"https:\/\/brainfiller.com\/es\/sitemap\/\" \/>\n<meta property=\"og:locale\" content=\"es_MX\" \/>\n<meta property=\"og:type\" content=\"article\" \/>\n<meta property=\"og:title\" content=\"Sitemap - Arc Flash &amp; Electrical Power Training | Brainfiller\" \/>\n<meta property=\"og:description\" content=\"Sitemap\" \/>\n<meta property=\"og:url\" content=\"https:\/\/brainfiller.com\/es\/sitemap\/\" \/>\n<meta property=\"og:site_name\" content=\"Arc Flash &amp; Electrical Power Training | Brainfiller\" \/>\n<meta property=\"article:publisher\" content=\"https:\/\/www.facebook.com\/pages\/Brainfiller\/121692927901400\" \/>\n<meta property=\"article:modified_time\" content=\"2025-01-03T16:58:46+00:00\" \/>\n<meta property=\"og:image\" content=\"https:\/\/brainfiller.com\/wp-content\/uploads\/2024\/11\/cropped-brainfiller-icon-512x512-1.png\" \/>\n\t<meta property=\"og:image:width\" content=\"512\" \/>\n\t<meta property=\"og:image:height\" content=\"512\" \/>\n\t<meta property=\"og:image:type\" content=\"image\/png\" \/>\n<meta name=\"twitter:card\" content=\"summary_large_image\" \/>\n<meta name=\"twitter:site\" content=\"@brainfiller\" \/>\n<meta name=\"twitter:label1\" content=\"Tiempo de lectura\" \/>\n\t<meta name=\"twitter:data1\" content=\"1 minuto\" \/>\n<script type=\"application\/ld+json\" class=\"yoast-schema-graph\">{\"@context\":\"https:\\\/\\\/schema.org\",\"@graph\":[{\"@type\":\"WebPage\",\"@id\":\"https:\\\/\\\/brainfiller.com\\\/sitemap\\\/\",\"url\":\"https:\\\/\\\/brainfiller.com\\\/sitemap\\\/\",\"name\":\"Sitemap - Arc Flash &amp; Electrical Power Training | Brainfiller\",\"isPartOf\":{\"@id\":\"https:\\\/\\\/brainfiller.com\\\/#website\"},\"datePublished\":\"2025-01-03T16:56:55+00:00\",\"dateModified\":\"2025-01-03T16:58:46+00:00\",\"description\":\"Sitemap\",\"breadcrumb\":{\"@id\":\"https:\\\/\\\/brainfiller.com\\\/sitemap\\\/#breadcrumb\"},\"inLanguage\":\"es\",\"potentialAction\":[{\"@type\":\"ReadAction\",\"target\":[\"https:\\\/\\\/brainfiller.com\\\/sitemap\\\/\"]}]},{\"@type\":\"BreadcrumbList\",\"@id\":\"https:\\\/\\\/brainfiller.com\\\/sitemap\\\/#breadcrumb\",\"itemListElement\":[{\"@type\":\"ListItem\",\"position\":1,\"name\":\"Home\",\"item\":\"https:\\\/\\\/brainfiller.com\\\/\"},{\"@type\":\"ListItem\",\"position\":2,\"name\":\"Sitemap\"}]},{\"@type\":\"WebSite\",\"@id\":\"https:\\\/\\\/brainfiller.com\\\/#website\",\"url\":\"https:\\\/\\\/brainfiller.com\\\/\",\"name\":\"Arc Flash & Electrical Power Training | Brainfiller\",\"description\":\"Arc Flash &amp; Electrical Power Training by Jim Phillips\",\"publisher\":{\"@id\":\"https:\\\/\\\/brainfiller.com\\\/#organization\"},\"potentialAction\":[{\"@type\":\"SearchAction\",\"target\":{\"@type\":\"EntryPoint\",\"urlTemplate\":\"https:\\\/\\\/brainfiller.com\\\/?s={search_term_string}\"},\"query-input\":{\"@type\":\"PropertyValueSpecification\",\"valueRequired\":true,\"valueName\":\"search_term_string\"}}],\"inLanguage\":\"es\"},{\"@type\":\"Organization\",\"@id\":\"https:\\\/\\\/brainfiller.com\\\/#organization\",\"name\":\"Brainfiller.com\",\"url\":\"https:\\\/\\\/brainfiller.com\\\/\",\"logo\":{\"@type\":\"ImageObject\",\"inLanguage\":\"es\",\"@id\":\"https:\\\/\\\/brainfiller.com\\\/#\\\/schema\\\/logo\\\/image\\\/\",\"url\":\"https:\\\/\\\/brainfiller.com\\\/wp-content\\\/uploads\\\/2015\\\/05\\\/Brain-Logo.jpg\",\"contentUrl\":\"https:\\\/\\\/brainfiller.com\\\/wp-content\\\/uploads\\\/2015\\\/05\\\/Brain-Logo.jpg\",\"width\":128,\"height\":118,\"caption\":\"Brainfiller.com\"},\"image\":{\"@id\":\"https:\\\/\\\/brainfiller.com\\\/#\\\/schema\\\/logo\\\/image\\\/\"},\"sameAs\":[\"https:\\\/\\\/www.facebook.com\\\/pages\\\/Brainfiller\\\/121692927901400\",\"https:\\\/\\\/x.com\\\/brainfiller\",\"https:\\\/\\\/www.linkedin.com\\\/in\\\/brainfiller\",\"https:\\\/\\\/www.youtube.com\\\/user\\\/BrainfillerTV\"]}]}<\/script>\n<!-- \/ Yoast SEO plugin. -->","yoast_head_json":{"title":"Sitemap - Arc Flash &amp; Electrical Power Training | Brainfiller","description":"Mapa del sitio","robots":{"index":"index","follow":"follow","max-snippet":"max-snippet:-1","max-image-preview":"max-image-preview:large","max-video-preview":"max-video-preview:-1"},"canonical":"https:\/\/brainfiller.com\/es\/sitemap\/","og_locale":"es_MX","og_type":"article","og_title":"Sitemap - Arc Flash &amp; Electrical Power Training | Brainfiller","og_description":"Sitemap","og_url":"https:\/\/brainfiller.com\/es\/sitemap\/","og_site_name":"Arc Flash &amp; Electrical Power Training | Brainfiller","article_publisher":"https:\/\/www.facebook.com\/pages\/Brainfiller\/121692927901400","article_modified_time":"2025-01-03T16:58:46+00:00","og_image":[{"width":512,"height":512,"url":"https:\/\/brainfiller.com\/wp-content\/uploads\/2024\/11\/cropped-brainfiller-icon-512x512-1.png","type":"image\/png"}],"twitter_card":"summary_large_image","twitter_site":"@brainfiller","twitter_misc":{"Tiempo de lectura":"1 minuto"},"schema":{"@context":"https:\/\/schema.org","@graph":[{"@type":"WebPage","@id":"https:\/\/brainfiller.com\/sitemap\/","url":"https:\/\/brainfiller.com\/sitemap\/","name":"Sitemap - Arc Flash &amp; Electrical Power Training | Brainfiller","isPartOf":{"@id":"https:\/\/brainfiller.com\/#website"},"datePublished":"2025-01-03T16:56:55+00:00","dateModified":"2025-01-03T16:58:46+00:00","description":"Mapa del sitio","breadcrumb":{"@id":"https:\/\/brainfiller.com\/sitemap\/#breadcrumb"},"inLanguage":"es","potentialAction":[{"@type":"ReadAction","target":["https:\/\/brainfiller.com\/sitemap\/"]}]},{"@type":"BreadcrumbList","@id":"https:\/\/brainfiller.com\/sitemap\/#breadcrumb","itemListElement":[{"@type":"ListItem","position":1,"name":"Home","item":"https:\/\/brainfiller.com\/"},{"@type":"ListItem","position":2,"name":"Sitemap"}]},{"@type":"WebSite","@id":"https:\/\/brainfiller.com\/#website","url":"https:\/\/brainfiller.com\/","name":"Arc Flash & Electrical Power Training | Brainfiller","description":"Arc Flash &amp; Electrical Power Training by Jim Phillips","publisher":{"@id":"https:\/\/brainfiller.com\/#organization"},"potentialAction":[{"@type":"SearchAction","target":{"@type":"EntryPoint","urlTemplate":"https:\/\/brainfiller.com\/?s={search_term_string}"},"query-input":{"@type":"PropertyValueSpecification","valueRequired":true,"valueName":"search_term_string"}}],"inLanguage":"es"},{"@type":"Organization","@id":"https:\/\/brainfiller.com\/#organization","name":"Rellenador de cerebros.com","url":"https:\/\/brainfiller.com\/","logo":{"@type":"ImageObject","inLanguage":"es","@id":"https:\/\/brainfiller.com\/#\/schema\/logo\/image\/","url":"https:\/\/brainfiller.com\/wp-content\/uploads\/2015\/05\/Brain-Logo.jpg","contentUrl":"https:\/\/brainfiller.com\/wp-content\/uploads\/2015\/05\/Brain-Logo.jpg","width":128,"height":118,"caption":"Brainfiller.com"},"image":{"@id":"https:\/\/brainfiller.com\/#\/schema\/logo\/image\/"},"sameAs":["https:\/\/www.facebook.com\/pages\/Brainfiller\/121692927901400","https:\/\/x.com\/brainfiller","https:\/\/www.linkedin.com\/in\/brainfiller","https:\/\/www.youtube.com\/user\/BrainfillerTV"]}]}},"ticketed":false,"_links":{"self":[{"href":"https:\/\/brainfiller.com\/es\/wp-json\/wp\/v2\/pages\/42891","targetHints":{"allow":["GET"]}}],"collection":[{"href":"https:\/\/brainfiller.com\/es\/wp-json\/wp\/v2\/pages"}],"about":[{"href":"https:\/\/brainfiller.com\/es\/wp-json\/wp\/v2\/types\/page"}],"author":[{"embeddable":true,"href":"https:\/\/brainfiller.com\/es\/wp-json\/wp\/v2\/users\/7818"}],"replies":[{"embeddable":true,"href":"https:\/\/brainfiller.com\/es\/wp-json\/wp\/v2\/comments?post=42891"}],"version-history":[{"count":0,"href":"https:\/\/brainfiller.com\/es\/wp-json\/wp\/v2\/pages\/42891\/revisions"}],"wp:attachment":[{"href":"https:\/\/brainfiller.com\/es\/wp-json\/wp\/v2\/media?parent=42891"}],"curies":[{"name":"wp","href":"https:\/\/api.w.org\/{rel}","templated":true}]}}