{"id":561,"date":"2015-05-06T12:41:26","date_gmt":"2015-05-06T19:41:26","guid":{"rendered":"https:\/\/brainfiller.com\/?page_id=561"},"modified":"2023-03-28T13:07:04","modified_gmt":"2023-03-28T20:07:04","slug":"codes-and-standards","status":"publish","type":"page","link":"https:\/\/brainfiller.com\/es\/codes-and-standards\/","title":{"rendered":"C\u00f3digos y normas"},"content":{"rendered":"<p><strong>C\u00f3digos y normas<\/strong><\/p>\n<p>La lista de normas globales que ayudan a definir los requisitos de productos, instalaciones y seguridad para la industria el\u00e9ctrica parece interminable. Aqu\u00ed se incluye informaci\u00f3n sobre muchos de los principales c\u00f3digos y normas internacionales.<\/p>\n<p>Nota: Esta informaci\u00f3n se proporciona para conveniencia de los usuarios de\u00a0<a href=\"http:\/\/www.staging28.brainfiller.com\/\">www.brainfiller.com<\/a>\u00a0y est\u00e1 sujeto a cambios sin previo aviso por parte de la organizaci\u00f3n individual.<\/p>\n<p><strong>ANSI \u2013 Instituto Nacional Estadounidense de Est\u00e1ndares<\/strong><\/p>\n<p>ANSI supervisa la creaci\u00f3n, promulgaci\u00f3n y uso de miles de normas y directrices que afectan directamente a las empresas de casi todos los sectores: desde dispositivos ac\u00fasticos hasta equipos de construcci\u00f3n, desde producci\u00f3n l\u00e1ctea y ganadera hasta distribuci\u00f3n de energ\u00eda, y muchos m\u00e1s. ANSI tambi\u00e9n participa activamente en la acreditaci\u00f3n de programas que eval\u00faan la conformidad con las normas, incluidos programas intersectoriales reconocidos mundialmente, como los sistemas de gesti\u00f3n ISO 9000 (calidad) e ISO 14000 (medioambiente).<\/p>\n<p>Sede en Washington, DC<\/p>\n<p>Calle L 1899, noroeste<\/p>\n<p>Piso 11<\/p>\n<p>Washington, DC, 20036<\/p>\n<p>Tel\u00e9fono: 202.293.8020<\/p>\n<p>Tel\u00e9fono: 202.293.9287<\/p>\n<p>Oficina de la ciudad de Nueva York (Operaciones)<\/p>\n<p>25 calle 43 oeste,<\/p>\n<p>4to piso<\/p>\n<p>Nueva York, Nueva York, 10036<\/p>\n<p>EE.UU<\/p>\n<p>Tel\u00e9fono: 212.642.4900<\/p>\n<p>Tel\u00e9fono: 212.398.0023<\/p>\n<p>www.ANSI.org<\/p>\n<p><strong>ASTM Internacional<\/strong><\/p>\n<p>ASTM International, anteriormente conocida como la Sociedad Estadounidense de Pruebas y Materiales (ASTM), es un l\u00edder reconocido mundialmente en el desarrollo y la entrega de normas internacionales de consenso voluntario. En la actualidad, se utilizan alrededor de 12.000 normas ASTM en todo el mundo para mejorar la calidad de los productos, aumentar la seguridad, facilitar el acceso al mercado y el comercio, y generar confianza en los consumidores.<\/p>\n<p>ASTM Internacional<\/p>\n<p>100 Barr Harbor Drive,<\/p>\n<p>Apartado Postal C700,<\/p>\n<p>Oeste de Conshohocken, Pensilvania, 19428-2959<\/p>\n<p>EE.UU<\/p>\n<p>Tel: 1-877-909-2786 (EE.UU. y Canad\u00e1)<\/p>\n<p>Tel: 610-832-9585 (Internacional)<\/p>\n<p>www.ASTM.org<\/p>\n<p><strong>BSI \u2013 Instituto Brit\u00e1nico de Normalizaci\u00f3n<\/strong><\/p>\n<p>BSI es el organismo nacional de normalizaci\u00f3n (NSB) del Reino Unido y fue el primer organismo de normalizaci\u00f3n nacional. BSI representa los intereses econ\u00f3micos y sociales del Reino Unido en todas las organizaciones de normalizaci\u00f3n europeas e internacionales y en el desarrollo de soluciones de informaci\u00f3n empresarial para organizaciones brit\u00e1nicas de todos los tama\u00f1os y sectores.<\/p>\n<p>Instituto Brit\u00e1nico de Normas<\/p>\n<p>389 Carretera principal de Chiswick<\/p>\n<p>Londres<\/p>\n<p>W4 4AL<\/p>\n<p>Reino Unido<\/p>\n<p>Tel\u00e9fono: +44 20 8996 9000<\/p>\n<p>Tel\u00e9fono: +44 20 8996 7001<\/p>\n<p>www.bsigroup.org<\/p>\n<p><strong>CENELEC \u2013 Comit\u00e9 Europeo de Normalizaci\u00f3n Electrot\u00e9cnica<\/strong><\/p>\n<p>CENELEC es responsable de la normalizaci\u00f3n en el campo de la ingenier\u00eda electrot\u00e9cnica y prepara normas voluntarias que ayudan a facilitar el comercio entre pa\u00edses, crear nuevos mercados, reducir los costos de cumplimiento y apoyar el desarrollo de un Mercado \u00danico Europeo.<\/p>\n<p>Mediante el trabajo de sus miembros junto con sus expertos, las federaciones industriales y los consumidores, se crean las Normas Europeas para fomentar el desarrollo tecnol\u00f3gico, asegurar la interoperabilidad, garantizar la seguridad y la salud de los consumidores y proporcionar protecci\u00f3n del medio ambiente.<\/p>\n<p>CENELEC<\/p>\n<p>17, Avenida Marnix<\/p>\n<p>B-1000 Bruselas<\/p>\n<p>B\u00e9lgica<\/p>\n<p>Tel\u00e9fono: +32 2 519 68 71<\/p>\n<p>Tel\u00e9fono: +32 2 519 69 19<\/p>\n<p>www.CENElec.eu<\/p>\n<p><strong>FM \u2013 Mutuo de f\u00e1brica<\/strong><\/p>\n<p>FM Global ofrece seguros integrales de propiedad comercial e industrial a nivel mundial, soluciones de suscripci\u00f3n y gesti\u00f3n de riesgos basadas en ingenier\u00eda, investigaci\u00f3n innovadora en prevenci\u00f3n de p\u00e9rdidas de propiedad y manejo r\u00e1pido y profesional de reclamos.<\/p>\n<p>www.FMGlobal.com<\/p>\n<p><strong>IEC \u2013 Comisi\u00f3n Electrot\u00e9cnica Internacional<\/strong><\/p>\n<p>La IEC es la organizaci\u00f3n mundial l\u00edder que publica normas internacionales basadas en consenso y gestiona sistemas de evaluaci\u00f3n de la conformidad para productos, sistemas y servicios el\u00e9ctricos y electr\u00f3nicos, conocidos colectivamente como electrotecnolog\u00eda.<\/p>\n<p>Las publicaciones de la IEC sirven como base para la normalizaci\u00f3n nacional y como referencias a la hora de redactar licitaciones y contratos internacionales.<\/p>\n<p>Oficina central de la IEC<\/p>\n<p>3, calle de Varemb\u00e9<\/p>\n<p>Apartado Postal 131<\/p>\n<p>CH \u2013 1211 Ginebra 20<\/p>\n<p>Suiza<\/p>\n<p>Tel\u00e9fono: + 41 22 919 02 11<\/p>\n<p>Tel\u00e9fono: + 41 22 919 03 00<\/p>\n<p>www.IEC.ch<\/p>\n<p><strong>IEEE \u2013 Instituto de Ingenieros El\u00e9ctricos y Electr\u00f3nicos<\/strong><\/p>\n<p>El IEEE es la asociaci\u00f3n profesional m\u00e1s grande del mundo dedicada a promover la innovaci\u00f3n y la excelencia tecnol\u00f3gica en beneficio de la humanidad. El IEEE y sus miembros inspiran a una comunidad global a trav\u00e9s de sus publicaciones, conferencias, est\u00e1ndares tecnol\u00f3gicos y actividades profesionales y educativas altamente citadas.<\/p>\n<p>Oficina corporativa del IEEE<\/p>\n<p>3 Park Avenue, piso 17<\/p>\n<p>Nueva York, NY 10016-5997<\/p>\n<p>EE.UU<\/p>\n<p>Tel\u00e9fono: +1 212 419 7900<\/p>\n<p>Tel\u00e9fono: +1 212 752 4929<\/p>\n<p>Centro de operaciones del IEEE<\/p>\n<p>445 carril de hoes,<\/p>\n<p>Piscataway, Nueva Jersey 08854-4141<\/p>\n<p>EE.UU<\/p>\n<p>Tel\u00e9fono: +1 732 981 0060<\/p>\n<p>www.IEEE.org<\/p>\n<p><strong>ISO \u2013 Organizaci\u00f3n Internacional de Normalizaci\u00f3n<\/strong><\/p>\n<p>La ISO (Organizaci\u00f3n Internacional de Normalizaci\u00f3n) es el mayor desarrollador mundial de normas internacionales voluntarias. Las normas internacionales proporcionan especificaciones de vanguardia para productos, servicios y buenas pr\u00e1cticas, lo que ayuda a que la industria sea m\u00e1s eficiente y eficaz. Desarrolladas mediante un consenso mundial, ayudan a derribar las barreras al comercio internacional.<\/p>\n<p>Organizaci\u00f3n Internacional de Normalizaci\u00f3n<\/p>\n<p>1, ch. de la Voie-Creuse<\/p>\n<p>CP56<\/p>\n<p>CH-1211 Ginebra 20<\/p>\n<p>Suiza<\/p>\n<p>Tel\u00e9fono: +41 22 749 01 11<\/p>\n<p>Tel\u00e9fono: +41 22 733 34 30<\/p>\n<p>www.iso.org<\/p>\n<p><strong>NETA \u2013 Asociaci\u00f3n Internacional de Pruebas El\u00e9ctricas<\/strong><\/p>\n<p>La misi\u00f3n de la Asociaci\u00f3n Internacional de Pruebas El\u00e9ctricas es servir a la industria de pruebas el\u00e9ctricas estableciendo normas, publicando especificaciones, acreditando a empresas de pruebas independientes, certificando a t\u00e9cnicos de pruebas y promoviendo los servicios profesionales de sus miembros. La Asociaci\u00f3n tambi\u00e9n recopila y difunde informaci\u00f3n y datos de valor para la industria el\u00e9ctrica y educa al p\u00fablico y al usuario final sobre los m\u00e9ritos de las pruebas de aceptaci\u00f3n y mantenimiento el\u00e9ctrico.<\/p>\n<p>3050 Old Centre Ave., Suite 102<\/p>\n<p>Portage, Michigan 49024<\/p>\n<p>EE.UU<\/p>\n<p>Tel\u00e9fono: 269-488-6382<\/p>\n<p>Tel\u00e9fono: 269-488-6383<\/p>\n<p>www.netaworld.org<\/p>\n<p><strong>NFPA \u2013 Asociaci\u00f3n Nacional de Protecci\u00f3n contra Incendios<\/strong><\/p>\n<p>La misi\u00f3n de la organizaci\u00f3n internacional sin fines de lucro NFPA, establecida en 1896, es reducir la carga mundial de incendios y otros peligros en la calidad de vida proporcionando y promoviendo c\u00f3digos y est\u00e1ndares de consenso como el C\u00f3digo El\u00e9ctrico Nacional NFPA 70 y el Est\u00e1ndar NFPA 70E para la Seguridad El\u00e9ctrica en el Lugar de Trabajo.<\/p>\n<p>.<\/p>\n<p>NFPA, el principal defensor mundial de la prevenci\u00f3n de incendios y una fuente autorizada en materia de seguridad p\u00fablica, desarrolla, publica y difunde m\u00e1s de 300 c\u00f3digos y normas de consenso destinados a minimizar la posibilidad y los efectos del fuego y otros riesgos.<\/p>\n<p>Asociaci\u00f3n Nacional de Protecci\u00f3n contra Incendios<\/p>\n<p>1 Parque Batterymarch,<\/p>\n<p>Quincy, Massachusetts 02169<\/p>\n<p>EE.UU<\/p>\n<p>Tel\u00e9fono: (617) 770-3000<\/p>\n<p>www.NFPA.org<\/p>\n<p><strong>UL \u2013 Laboratorios Underwriters<\/strong><\/p>\n<p>UL es una empresa global independiente especializada en ciencias de la seguridad con m\u00e1s de un siglo de experiencia en la innovaci\u00f3n de soluciones de seguridad, desde la adopci\u00f3n p\u00fablica de la electricidad hasta nuevos avances en sostenibilidad, energ\u00eda renovable y nanotecnolog\u00eda. Dedicada a promover entornos de vida y trabajo seguros, UL ayuda a proteger a las personas, los productos y los lugares de maneras importantes, facilitando el comercio y brindando tranquilidad.<\/p>\n<p>Laboratorios de suscriptores<\/p>\n<p>333 Pfingsten Road<\/p>\n<p>Northbrook, Illinois 60062<\/p>\n<p>EE.UU<\/p>\n<p>(847) 272-8800<\/p>\n<p>www.UL.com<\/p>","protected":false},"excerpt":{"rendered":"<p>Codes and Standards The list of global standards that help define product, installation and safety requirements for the electrical industry seems endless. Information regarding many of the major international codes [&hellip;]<\/p>\n","protected":false},"author":1,"featured_media":0,"parent":0,"menu_order":0,"comment_status":"open","ping_status":"closed","template":"","meta":{"_acf_changed":false,"_monsterinsights_skip_tracking":false,"_monsterinsights_sitenote_active":false,"_monsterinsights_sitenote_note":"","_monsterinsights_sitenote_category":0,"_price":"","_stock":"","_tribe_ticket_header":"","_tribe_default_ticket_provider":"Tribe__Tickets_Plus__Commerce__WooCommerce__Main","_tribe_ticket_capacity":"0","_ticket_start_date":"","_ticket_end_date":"","_tribe_ticket_show_description":"","_tribe_ticket_show_not_going":false,"_tribe_ticket_use_global_stock":"","_tribe_ticket_global_stock_level":"","_global_stock_mode":"","_global_stock_cap":"","_tribe_rsvp_for_event":"","_tribe_ticket_going_count":"","_tribe_ticket_not_going_count":"","_tribe_tickets_list":"[]","_tribe_ticket_has_attendee_info_fields":false,"footnotes":"","_tec_slr_enabled":"","_tec_slr_layout":""},"class_list":["post-561","page","type-page","status-publish","hentry"],"acf":[],"yoast_head":"<!-- This site is optimized with the Yoast SEO plugin v27.4 - https:\/\/yoast.com\/product\/yoast-seo-wordpress\/ -->\n<title>Codes and Standards - Arc Flash &amp; Electrical Power Training | Brainfiller<\/title>\n<meta name=\"description\" content=\"Codes and Standards The list of global standards that help define product, installation and safety requirements for the electrical industry seems endless.\" \/>\n<meta name=\"robots\" content=\"noindex, follow\" \/>\n<meta property=\"og:locale\" content=\"es_MX\" \/>\n<meta property=\"og:type\" content=\"article\" \/>\n<meta property=\"og:title\" content=\"Codes and Standards - Arc Flash &amp; Electrical Power Training | Brainfiller\" \/>\n<meta property=\"og:description\" content=\"Codes and Standards The list of global standards that help define product, installation and safety requirements for the electrical industry seems endless.\" \/>\n<meta property=\"og:url\" content=\"https:\/\/brainfiller.com\/es\/codes-and-standards\/\" \/>\n<meta property=\"og:site_name\" content=\"Arc Flash &amp; Electrical Power Training | Brainfiller\" \/>\n<meta property=\"article:publisher\" content=\"https:\/\/www.facebook.com\/pages\/Brainfiller\/121692927901400\" \/>\n<meta property=\"article:modified_time\" content=\"2023-03-28T20:07:04+00:00\" \/>\n<meta property=\"og:image\" content=\"https:\/\/brainfiller.com\/wp-content\/uploads\/2024\/11\/cropped-brainfiller-icon-512x512-1.png\" \/>\n\t<meta property=\"og:image:width\" content=\"512\" \/>\n\t<meta property=\"og:image:height\" content=\"512\" \/>\n\t<meta property=\"og:image:type\" content=\"image\/png\" \/>\n<meta name=\"twitter:card\" content=\"summary_large_image\" \/>\n<meta name=\"twitter:site\" content=\"@brainfiller\" \/>\n<meta name=\"twitter:label1\" content=\"Tiempo de lectura\" \/>\n\t<meta name=\"twitter:data1\" content=\"5 minutos\" \/>\n<script type=\"application\/ld+json\" class=\"yoast-schema-graph\">{\"@context\":\"https:\\\/\\\/schema.org\",\"@graph\":[{\"@type\":\"WebPage\",\"@id\":\"https:\\\/\\\/brainfiller.com\\\/codes-and-standards\\\/\",\"url\":\"https:\\\/\\\/brainfiller.com\\\/codes-and-standards\\\/\",\"name\":\"Codes and Standards - Arc Flash &amp; Electrical Power Training | Brainfiller\",\"isPartOf\":{\"@id\":\"https:\\\/\\\/brainfiller.com\\\/#website\"},\"datePublished\":\"2015-05-06T19:41:26+00:00\",\"dateModified\":\"2023-03-28T20:07:04+00:00\",\"description\":\"Codes and Standards The list of global standards that help define product, installation and safety requirements for the electrical industry seems endless.\",\"breadcrumb\":{\"@id\":\"https:\\\/\\\/brainfiller.com\\\/codes-and-standards\\\/#breadcrumb\"},\"inLanguage\":\"es\",\"potentialAction\":[{\"@type\":\"ReadAction\",\"target\":[\"https:\\\/\\\/brainfiller.com\\\/codes-and-standards\\\/\"]}]},{\"@type\":\"BreadcrumbList\",\"@id\":\"https:\\\/\\\/brainfiller.com\\\/codes-and-standards\\\/#breadcrumb\",\"itemListElement\":[{\"@type\":\"ListItem\",\"position\":1,\"name\":\"Home\",\"item\":\"https:\\\/\\\/brainfiller.com\\\/\"},{\"@type\":\"ListItem\",\"position\":2,\"name\":\"Codes and Standards\"}]},{\"@type\":\"WebSite\",\"@id\":\"https:\\\/\\\/brainfiller.com\\\/#website\",\"url\":\"https:\\\/\\\/brainfiller.com\\\/\",\"name\":\"Arc Flash & Electrical Power Training | Brainfiller\",\"description\":\"Arc Flash &amp; Electrical Power Training by Jim Phillips\",\"publisher\":{\"@id\":\"https:\\\/\\\/brainfiller.com\\\/#organization\"},\"potentialAction\":[{\"@type\":\"SearchAction\",\"target\":{\"@type\":\"EntryPoint\",\"urlTemplate\":\"https:\\\/\\\/brainfiller.com\\\/?s={search_term_string}\"},\"query-input\":{\"@type\":\"PropertyValueSpecification\",\"valueRequired\":true,\"valueName\":\"search_term_string\"}}],\"inLanguage\":\"es\"},{\"@type\":\"Organization\",\"@id\":\"https:\\\/\\\/brainfiller.com\\\/#organization\",\"name\":\"Brainfiller.com\",\"url\":\"https:\\\/\\\/brainfiller.com\\\/\",\"logo\":{\"@type\":\"ImageObject\",\"inLanguage\":\"es\",\"@id\":\"https:\\\/\\\/brainfiller.com\\\/#\\\/schema\\\/logo\\\/image\\\/\",\"url\":\"https:\\\/\\\/brainfiller.com\\\/wp-content\\\/uploads\\\/2015\\\/05\\\/Brain-Logo.jpg\",\"contentUrl\":\"https:\\\/\\\/brainfiller.com\\\/wp-content\\\/uploads\\\/2015\\\/05\\\/Brain-Logo.jpg\",\"width\":128,\"height\":118,\"caption\":\"Brainfiller.com\"},\"image\":{\"@id\":\"https:\\\/\\\/brainfiller.com\\\/#\\\/schema\\\/logo\\\/image\\\/\"},\"sameAs\":[\"https:\\\/\\\/www.facebook.com\\\/pages\\\/Brainfiller\\\/121692927901400\",\"https:\\\/\\\/x.com\\\/brainfiller\",\"https:\\\/\\\/www.linkedin.com\\\/in\\\/brainfiller\",\"https:\\\/\\\/www.youtube.com\\\/user\\\/BrainfillerTV\"]}]}<\/script>\n<!-- \/ Yoast SEO plugin. -->","yoast_head_json":{"title":"Codes and Standards - Arc Flash &amp; Electrical Power Training | Brainfiller","description":"Codes and Standards The list of global standards that help define product, installation and safety requirements for the electrical industry seems endless.","robots":{"index":"noindex","follow":"follow"},"og_locale":"es_MX","og_type":"article","og_title":"Codes and Standards - Arc Flash &amp; Electrical Power Training | Brainfiller","og_description":"Codes and Standards The list of global standards that help define product, installation and safety requirements for the electrical industry seems endless.","og_url":"https:\/\/brainfiller.com\/es\/codes-and-standards\/","og_site_name":"Arc Flash &amp; Electrical Power Training | Brainfiller","article_publisher":"https:\/\/www.facebook.com\/pages\/Brainfiller\/121692927901400","article_modified_time":"2023-03-28T20:07:04+00:00","og_image":[{"width":512,"height":512,"url":"https:\/\/brainfiller.com\/wp-content\/uploads\/2024\/11\/cropped-brainfiller-icon-512x512-1.png","type":"image\/png"}],"twitter_card":"summary_large_image","twitter_site":"@brainfiller","twitter_misc":{"Tiempo de lectura":"5 minutos"},"schema":{"@context":"https:\/\/schema.org","@graph":[{"@type":"WebPage","@id":"https:\/\/brainfiller.com\/codes-and-standards\/","url":"https:\/\/brainfiller.com\/codes-and-standards\/","name":"Codes and Standards - Arc Flash &amp; Electrical Power Training | Brainfiller","isPartOf":{"@id":"https:\/\/brainfiller.com\/#website"},"datePublished":"2015-05-06T19:41:26+00:00","dateModified":"2023-03-28T20:07:04+00:00","description":"Codes and Standards The list of global standards that help define product, installation and safety requirements for the electrical industry seems endless.","breadcrumb":{"@id":"https:\/\/brainfiller.com\/codes-and-standards\/#breadcrumb"},"inLanguage":"es","potentialAction":[{"@type":"ReadAction","target":["https:\/\/brainfiller.com\/codes-and-standards\/"]}]},{"@type":"BreadcrumbList","@id":"https:\/\/brainfiller.com\/codes-and-standards\/#breadcrumb","itemListElement":[{"@type":"ListItem","position":1,"name":"Home","item":"https:\/\/brainfiller.com\/"},{"@type":"ListItem","position":2,"name":"Codes and Standards"}]},{"@type":"WebSite","@id":"https:\/\/brainfiller.com\/#website","url":"https:\/\/brainfiller.com\/","name":"Arc Flash & Electrical Power Training | Brainfiller","description":"Arc Flash &amp; Electrical Power Training by Jim Phillips","publisher":{"@id":"https:\/\/brainfiller.com\/#organization"},"potentialAction":[{"@type":"SearchAction","target":{"@type":"EntryPoint","urlTemplate":"https:\/\/brainfiller.com\/?s={search_term_string}"},"query-input":{"@type":"PropertyValueSpecification","valueRequired":true,"valueName":"search_term_string"}}],"inLanguage":"es"},{"@type":"Organization","@id":"https:\/\/brainfiller.com\/#organization","name":"Rellenador de cerebros.com","url":"https:\/\/brainfiller.com\/","logo":{"@type":"ImageObject","inLanguage":"es","@id":"https:\/\/brainfiller.com\/#\/schema\/logo\/image\/","url":"https:\/\/brainfiller.com\/wp-content\/uploads\/2015\/05\/Brain-Logo.jpg","contentUrl":"https:\/\/brainfiller.com\/wp-content\/uploads\/2015\/05\/Brain-Logo.jpg","width":128,"height":118,"caption":"Brainfiller.com"},"image":{"@id":"https:\/\/brainfiller.com\/#\/schema\/logo\/image\/"},"sameAs":["https:\/\/www.facebook.com\/pages\/Brainfiller\/121692927901400","https:\/\/x.com\/brainfiller","https:\/\/www.linkedin.com\/in\/brainfiller","https:\/\/www.youtube.com\/user\/BrainfillerTV"]}]}},"ticketed":false,"_links":{"self":[{"href":"https:\/\/brainfiller.com\/es\/wp-json\/wp\/v2\/pages\/561","targetHints":{"allow":["GET"]}}],"collection":[{"href":"https:\/\/brainfiller.com\/es\/wp-json\/wp\/v2\/pages"}],"about":[{"href":"https:\/\/brainfiller.com\/es\/wp-json\/wp\/v2\/types\/page"}],"author":[{"embeddable":true,"href":"https:\/\/brainfiller.com\/es\/wp-json\/wp\/v2\/users\/1"}],"replies":[{"embeddable":true,"href":"https:\/\/brainfiller.com\/es\/wp-json\/wp\/v2\/comments?post=561"}],"version-history":[{"count":0,"href":"https:\/\/brainfiller.com\/es\/wp-json\/wp\/v2\/pages\/561\/revisions"}],"wp:attachment":[{"href":"https:\/\/brainfiller.com\/es\/wp-json\/wp\/v2\/media?parent=561"}],"curies":[{"name":"wp","href":"https:\/\/api.w.org\/{rel}","templated":true}]}}